{"id":4183,"date":"2021-09-23T12:56:36","date_gmt":"2021-09-23T10:56:36","guid":{"rendered":"https:\/\/lndskt.de\/skatepark-informations-workshop\/"},"modified":"2026-02-02T11:52:17","modified_gmt":"2026-02-02T10:52:17","slug":"info-workshop","status":"publish","type":"page","link":"https:\/\/lndskt.de\/en\/info-workshop\/","title":{"rendered":"Info-Workshop"},"content":{"rendered":"\t\t<div data-elementor-type=\"wp-page\" data-elementor-id=\"4183\" class=\"elementor elementor-4183\" data-elementor-post-type=\"page\">\n\t\t\t\t\t\t<section data-dce-background-image-url=\"https:\/\/lndskt.de\/wp-content\/uploads\/2021\/12\/lndskt-workshop-header-web.jpg\" class=\"elementor-section elementor-top-section elementor-element elementor-element-b13f004 elementor-section-height-min-height lndskt-intro-header elementor-section-boxed elementor-section-height-default elementor-section-items-middle\" data-id=\"b13f004\" data-element_type=\"section\" data-e-type=\"section\" data-settings=\"{&quot;background_background&quot;:&quot;classic&quot;,&quot;background_motion_fx_motion_fx_scrolling&quot;:&quot;yes&quot;,&quot;background_motion_fx_devices&quot;:[&quot;desktop&quot;,&quot;tablet&quot;,&quot;mobile&quot;]}\">\n\t\t\t\t\t\t\t<div class=\"elementor-background-overlay\"><\/div>\n\t\t\t\t\t\t\t<div class=\"elementor-container elementor-column-gap-default\">\n\t\t\t\t\t<div class=\"elementor-column elementor-col-100 elementor-top-column elementor-element elementor-element-4857192\" data-id=\"4857192\" data-element_type=\"column\" data-e-type=\"column\">\n\t\t\t<div class=\"elementor-widget-wrap elementor-element-populated\">\n\t\t\t\t\t\t<div data-dce-title-color=\"#FFFFFF\" class=\"elementor-element elementor-element-e0a905d elementor-widget elementor-widget-heading\" data-id=\"e0a905d\" data-element_type=\"widget\" data-e-type=\"widget\" data-widget_type=\"heading.default\">\n\t\t\t\t<div class=\"elementor-widget-container\">\n\t\t\t\t\t<h1 class=\"elementor-heading-title elementor-size-default\"><i>Information workshop for\ncities and municipalities.<\/i><\/h1>\t\t\t\t<\/div>\n\t\t\t\t<\/div>\n\t\t\t\t\t<\/div>\n\t\t<\/div>\n\t\t\t\t\t<\/div>\n\t\t<\/section>\n\t\t\t\t<section class=\"elementor-section elementor-top-section elementor-element elementor-element-d3af24c elementor-section-boxed elementor-section-height-default elementor-section-height-default\" data-id=\"d3af24c\" data-element_type=\"section\" data-e-type=\"section\" data-settings=\"{&quot;background_background&quot;:&quot;classic&quot;}\">\n\t\t\t\t\t\t<div class=\"elementor-container elementor-column-gap-default\">\n\t\t\t\t\t<div class=\"elementor-column elementor-col-100 elementor-top-column elementor-element elementor-element-37345c4\" data-id=\"37345c4\" data-element_type=\"column\" data-e-type=\"column\">\n\t\t\t<div class=\"elementor-widget-wrap elementor-element-populated\">\n\t\t\t\t\t\t<div class=\"elementor-element elementor-element-a2299cc elementor-widget elementor-widget-text-editor\" data-id=\"a2299cc\" data-element_type=\"widget\" data-e-type=\"widget\" data-widget_type=\"text-editor.default\">\n\t\t\t\t<div class=\"elementor-widget-container\">\n\t\t\t\t\t\t\t\t\t<p>Learn everything you need to know about planning and building skate parks or urban sports parks. In 120-minute online or in-person events, our speakers from LNDSKT will answer all your important questions in a clear and concise manner:<\/p>\t\t\t\t\t\t\t\t<\/div>\n\t\t\t\t<\/div>\n\t\t\t\t\t<\/div>\n\t\t<\/div>\n\t\t\t\t\t<\/div>\n\t\t<\/section>\n\t\t\t\t<section class=\"elementor-section elementor-top-section elementor-element elementor-element-e00bda8 elementor-section-boxed elementor-section-height-default elementor-section-height-default\" data-id=\"e00bda8\" data-element_type=\"section\" data-e-type=\"section\">\n\t\t\t\t\t\t<div class=\"elementor-container elementor-column-gap-default\">\n\t\t\t\t\t<div class=\"elementor-column elementor-col-100 elementor-top-column elementor-element elementor-element-4b4381d\" data-id=\"4b4381d\" data-element_type=\"column\" data-e-type=\"column\">\n\t\t\t<div class=\"elementor-widget-wrap elementor-element-populated\">\n\t\t\t\t\t\t<section class=\"elementor-section elementor-inner-section elementor-element elementor-element-48d1fd6 elementor-section-boxed elementor-section-height-default elementor-section-height-default\" data-id=\"48d1fd6\" data-element_type=\"section\" data-e-type=\"section\">\n\t\t\t\t\t\t<div class=\"elementor-container elementor-column-gap-default\">\n\t\t\t\t\t<div class=\"elementor-column elementor-col-33 elementor-inner-column elementor-element elementor-element-1292961\" data-id=\"1292961\" data-element_type=\"column\" data-e-type=\"column\">\n\t\t\t<div class=\"elementor-widget-wrap elementor-element-populated\">\n\t\t\t\t\t\t<div class=\"elementor-element elementor-element-fb38b1e animated-fast elementor-position-top elementor-widget elementor-widget-image-box\" data-id=\"fb38b1e\" data-element_type=\"widget\" data-e-type=\"widget\" data-settings=\"{&quot;_animation&quot;:&quot;none&quot;}\" data-widget_type=\"image-box.default\">\n\t\t\t\t<div class=\"elementor-widget-container\">\n\t\t\t\t\t<div class=\"elementor-image-box-wrapper\"><figure class=\"elementor-image-box-img\"><img fetchpriority=\"high\" decoding=\"async\" width=\"600\" height=\"600\" src=\"https:\/\/lndskt.de\/wp-content\/uploads\/2022\/02\/LNDSKT_Icons_Zeichenfla\u0308chen_Standort.png\" class=\"attachment-full size-full wp-image-4515\" alt=\"\" srcset=\"https:\/\/lndskt.de\/wp-content\/uploads\/2022\/02\/LNDSKT_Icons_Zeichenfla\u0308chen_Standort.png 600w, https:\/\/lndskt.de\/wp-content\/uploads\/2022\/02\/LNDSKT_Icons_Zeichenfla\u0308chen_Standort-300x300.png 300w, https:\/\/lndskt.de\/wp-content\/uploads\/2022\/02\/LNDSKT_Icons_Zeichenfla\u0308chen_Standort-150x150.png 150w\" sizes=\"(max-width: 600px) 100vw, 600px\" \/><\/figure><div class=\"elementor-image-box-content\"><h3 class=\"elementor-image-box-title\">Location<\/h3><p class=\"elementor-image-box-description\">What factors characterize a suitable location for a skate park?\n<br><br>\n\nIs my location suitable for a skate park?<\/p><\/div><\/div>\t\t\t\t<\/div>\n\t\t\t\t<\/div>\n\t\t\t\t\t<\/div>\n\t\t<\/div>\n\t\t\t\t<div class=\"elementor-column elementor-col-33 elementor-inner-column elementor-element elementor-element-f379576\" data-id=\"f379576\" data-element_type=\"column\" data-e-type=\"column\">\n\t\t\t<div class=\"elementor-widget-wrap elementor-element-populated\">\n\t\t\t\t\t\t<div class=\"elementor-element elementor-element-ea06309 elementor-position-top elementor-widget elementor-widget-image-box\" data-id=\"ea06309\" data-element_type=\"widget\" data-e-type=\"widget\" data-widget_type=\"image-box.default\">\n\t\t\t\t<div class=\"elementor-widget-container\">\n\t\t\t\t\t<div class=\"elementor-image-box-wrapper\"><figure class=\"elementor-image-box-img\"><img decoding=\"async\" width=\"338\" height=\"311\" src=\"https:\/\/lndskt.de\/wp-content\/uploads\/2021\/12\/lndskt-icons-bauweise.svg\" class=\"attachment-full size-full wp-image-3154\" alt=\"\" \/><\/figure><div class=\"elementor-image-box-content\"><h3 class=\"elementor-image-box-title\">Construction<\/h3><p class=\"elementor-image-box-description\">What needs to be considered when planning a modern skate park?<br><br>\nWhat materials should be used when planning a skate park?<br><br>\nWhat type of surface is best suited for building skate parks?<br><br><\/p><\/div><\/div>\t\t\t\t<\/div>\n\t\t\t\t<\/div>\n\t\t\t\t\t<\/div>\n\t\t<\/div>\n\t\t\t\t<div class=\"elementor-column elementor-col-33 elementor-inner-column elementor-element elementor-element-4975925\" data-id=\"4975925\" data-element_type=\"column\" data-e-type=\"column\">\n\t\t\t<div class=\"elementor-widget-wrap elementor-element-populated\">\n\t\t\t\t\t\t<div class=\"elementor-element elementor-element-954b6f4 elementor-position-top elementor-widget elementor-widget-image-box\" data-id=\"954b6f4\" data-element_type=\"widget\" data-e-type=\"widget\" data-widget_type=\"image-box.default\">\n\t\t\t\t<div class=\"elementor-widget-container\">\n\t\t\t\t\t<div class=\"elementor-image-box-wrapper\"><figure class=\"elementor-image-box-img\"><img decoding=\"async\" width=\"600\" height=\"600\" src=\"https:\/\/lndskt.de\/wp-content\/uploads\/2021\/09\/lndskt_icons_zeichenflaechen_informeller-rollsport.png\" class=\"attachment-full size-full wp-image-1970\" alt=\"\" srcset=\"https:\/\/lndskt.de\/wp-content\/uploads\/2021\/09\/lndskt_icons_zeichenflaechen_informeller-rollsport.png 600w, https:\/\/lndskt.de\/wp-content\/uploads\/2021\/09\/lndskt_icons_zeichenflaechen_informeller-rollsport-300x300.png 300w, https:\/\/lndskt.de\/wp-content\/uploads\/2021\/09\/lndskt_icons_zeichenflaechen_informeller-rollsport-150x150.png 150w\" sizes=\"(max-width: 600px) 100vw, 600px\" \/><\/figure><div class=\"elementor-image-box-content\"><h3 class=\"elementor-image-box-title\">Social Aspects<\/h3><p class=\"elementor-image-box-description\">Who are the user groups of a skate park?<br><br>\n\nHow can all users be taken into account in the planning of a skate park?<br><br>\n\nWhen should users be involved in the planning of the skate park?<\/p><\/div><\/div>\t\t\t\t<\/div>\n\t\t\t\t<\/div>\n\t\t\t\t\t<\/div>\n\t\t<\/div>\n\t\t\t\t\t<\/div>\n\t\t<\/section>\n\t\t\t\t<section class=\"elementor-section elementor-inner-section elementor-element elementor-element-d0d46f5 elementor-section-boxed elementor-section-height-default elementor-section-height-default\" data-id=\"d0d46f5\" data-element_type=\"section\" data-e-type=\"section\">\n\t\t\t\t\t\t<div class=\"elementor-container elementor-column-gap-default\">\n\t\t\t\t\t<div class=\"elementor-column elementor-col-33 elementor-inner-column elementor-element elementor-element-d7864d7\" data-id=\"d7864d7\" data-element_type=\"column\" data-e-type=\"column\">\n\t\t\t<div class=\"elementor-widget-wrap elementor-element-populated\">\n\t\t\t\t\t\t<div class=\"elementor-element elementor-element-b7d7277 elementor-position-top elementor-widget elementor-widget-image-box\" data-id=\"b7d7277\" data-element_type=\"widget\" data-e-type=\"widget\" data-widget_type=\"image-box.default\">\n\t\t\t\t<div class=\"elementor-widget-container\">\n\t\t\t\t\t<div class=\"elementor-image-box-wrapper\"><figure class=\"elementor-image-box-img\"><img loading=\"lazy\" decoding=\"async\" width=\"338\" height=\"311\" src=\"https:\/\/lndskt.de\/wp-content\/uploads\/2021\/12\/lndskt-icons-finanzierung.svg\" class=\"attachment-full size-full wp-image-3156\" alt=\"\" \/><\/figure><div class=\"elementor-image-box-content\"><h3 class=\"elementor-image-box-title\">Cost<\/h3><p class=\"elementor-image-box-description\">How much does a modern skate park cost?<br><br>\n\nHow do different sizes of skate park facilities differ in terms of use and price?<br><br>\n\nWhat are the running costs of a skate park (maintenance, etc.)?<\/p><\/div><\/div>\t\t\t\t<\/div>\n\t\t\t\t<\/div>\n\t\t\t\t\t<\/div>\n\t\t<\/div>\n\t\t\t\t<div class=\"elementor-column elementor-col-33 elementor-inner-column elementor-element elementor-element-95ea037\" data-id=\"95ea037\" data-element_type=\"column\" data-e-type=\"column\">\n\t\t\t<div class=\"elementor-widget-wrap elementor-element-populated\">\n\t\t\t\t\t\t<div class=\"elementor-element elementor-element-94198ef elementor-position-top elementor-widget elementor-widget-image-box\" data-id=\"94198ef\" data-element_type=\"widget\" data-e-type=\"widget\" data-widget_type=\"image-box.default\">\n\t\t\t\t<div class=\"elementor-widget-container\">\n\t\t\t\t\t<div class=\"elementor-image-box-wrapper\"><figure class=\"elementor-image-box-img\"><img loading=\"lazy\" decoding=\"async\" width=\"338\" height=\"311\" src=\"https:\/\/lndskt.de\/wp-content\/uploads\/2021\/12\/lndskt-icons-bauliche-aspekte.svg\" class=\"attachment-full size-full wp-image-3153\" alt=\"\" \/><\/figure><div class=\"elementor-image-box-content\"><h3 class=\"elementor-image-box-title\">Structural Aspects<\/h3><p class=\"elementor-image-box-description\">What legal aspects are relevant for the planning and construction of skate parks (noise protection, building permits)?<br><br>\n\nWhat safety requirements must be met? Are all skate parks inspected by T\u00dcV?<br><br>\n\nWhat type of drainage is recommended? How can surface sealing be reconciled with sustainability?<\/p><\/div><\/div>\t\t\t\t<\/div>\n\t\t\t\t<\/div>\n\t\t\t\t\t<\/div>\n\t\t<\/div>\n\t\t\t\t<div class=\"elementor-column elementor-col-33 elementor-inner-column elementor-element elementor-element-b8c6fed\" data-id=\"b8c6fed\" data-element_type=\"column\" data-e-type=\"column\">\n\t\t\t<div class=\"elementor-widget-wrap elementor-element-populated\">\n\t\t\t\t\t\t<div class=\"elementor-element elementor-element-98a814d elementor-position-top elementor-widget elementor-widget-image-box\" data-id=\"98a814d\" data-element_type=\"widget\" data-e-type=\"widget\" data-widget_type=\"image-box.default\">\n\t\t\t\t<div class=\"elementor-widget-container\">\n\t\t\t\t\t<div class=\"elementor-image-box-wrapper\"><figure class=\"elementor-image-box-img\"><img loading=\"lazy\" decoding=\"async\" width=\"338\" height=\"311\" src=\"https:\/\/lndskt.de\/wp-content\/uploads\/2021\/12\/lndskt-icons-ausschreibung.svg\" class=\"attachment-full size-full wp-image-3152\" alt=\"\" \/><\/figure><div class=\"elementor-image-box-content\"><h3 class=\"elementor-image-box-title\">Tendering<\/h3><p class=\"elementor-image-box-description\">What needs to be considered when tendering for the skate park planning contract?<br><br>\n\nWhat should be considered when tendering for the skate park construction contract?<\/p><\/div><\/div>\t\t\t\t<\/div>\n\t\t\t\t<\/div>\n\t\t\t\t\t<\/div>\n\t\t<\/div>\n\t\t\t\t\t<\/div>\n\t\t<\/section>\n\t\t\t\t\t<\/div>\n\t\t<\/div>\n\t\t\t\t\t<\/div>\n\t\t<\/section>\n\t\t\t\t<\/div>\n\t\t","protected":false},"excerpt":{"rendered":"<p>Information workshop for cities and municipalities. Learn everything you need to know about planning and building skate parks or urban sports parks. In 120-minute online or in-person events, our speakers from LNDSKT will answer all your important questions in a clear and concise manner: Location What factors characterize a suitable location for a skate park? [&hellip;]<\/p>\n","protected":false},"author":1,"featured_media":4155,"parent":0,"menu_order":0,"comment_status":"closed","ping_status":"closed","template":"","meta":{"_acf_changed":false,"footnotes":""},"class_list":["post-4183","page","type-page","status-publish","has-post-thumbnail","hentry"],"acf":[],"yoast_head":"<!-- This site is optimized with the Yoast SEO plugin v27.0 - https:\/\/yoast.com\/product\/yoast-seo-wordpress\/ -->\n<title>Info-Workshop for cities and municipalities \/\/ LNDSKT<\/title>\n<meta name=\"description\" content=\"Learn everything you need to know about planning and building skate and urban sports parks in 120 minutes. Online or as an in-person event.\" \/>\n<meta name=\"robots\" content=\"index, follow, max-snippet:-1, max-image-preview:large, max-video-preview:-1\" \/>\n<link rel=\"canonical\" href=\"https:\/\/lndskt.de\/en\/info-workshop\/\" \/>\n<meta property=\"og:locale\" content=\"en_US\" \/>\n<meta property=\"og:type\" content=\"article\" \/>\n<meta property=\"og:title\" content=\"LNDSKT | Planungsb\u00fcro f\u00fcr Skateparks\" \/>\n<meta property=\"og:description\" content=\"Das Planungsb\u00fcro f\u00fcr zeitgem\u00e4\u00dfe Skateparks, gegr\u00fcndet und gef\u00fchrt von Skateboardern f\u00fcr Skateboarder.\" \/>\n<meta property=\"og:url\" content=\"https:\/\/lndskt.de\/en\/info-workshop\/\" \/>\n<meta property=\"og:site_name\" content=\"lndskt.de\" \/>\n<meta property=\"article:publisher\" content=\"https:\/\/www.facebook.com\/lndskt\" \/>\n<meta property=\"article:modified_time\" content=\"2026-02-02T10:52:17+00:00\" \/>\n<meta property=\"og:image\" content=\"https:\/\/lndskt.de\/wp-content\/uploads\/2017\/01\/ls_fb_share.001.jpeg\" \/>\n<meta name=\"twitter:card\" content=\"summary_large_image\" \/>\n<meta name=\"twitter:label1\" content=\"Est. reading time\" \/>\n\t<meta name=\"twitter:data1\" content=\"3 minutes\" \/>\n<script type=\"application\/ld+json\" class=\"yoast-schema-graph\">{\"@context\":\"https:\/\/schema.org\",\"@graph\":[{\"@type\":\"WebPage\",\"@id\":\"https:\/\/lndskt.de\/en\/info-workshop\/\",\"url\":\"https:\/\/lndskt.de\/en\/info-workshop\/\",\"name\":\"Info-Workshop for cities and municipalities \/\/ LNDSKT\",\"isPartOf\":{\"@id\":\"https:\/\/lndskt.de\/#website\"},\"primaryImageOfPage\":{\"@id\":\"https:\/\/lndskt.de\/en\/info-workshop\/#primaryimage\"},\"image\":{\"@id\":\"https:\/\/lndskt.de\/en\/info-workshop\/#primaryimage\"},\"thumbnailUrl\":\"https:\/\/lndskt.de\/wp-content\/uploads\/2021\/12\/lndskt-workshop-web.jpg\",\"datePublished\":\"2021-09-23T10:56:36+00:00\",\"dateModified\":\"2026-02-02T10:52:17+00:00\",\"description\":\"Learn everything you need to know about planning and building skate and urban sports parks in 120 minutes. Online or as an in-person event.\",\"breadcrumb\":{\"@id\":\"https:\/\/lndskt.de\/en\/info-workshop\/#breadcrumb\"},\"inLanguage\":\"en-US\",\"potentialAction\":[{\"@type\":\"ReadAction\",\"target\":[\"https:\/\/lndskt.de\/en\/info-workshop\/\"]}]},{\"@type\":\"ImageObject\",\"inLanguage\":\"en-US\",\"@id\":\"https:\/\/lndskt.de\/en\/info-workshop\/#primaryimage\",\"url\":\"https:\/\/lndskt.de\/wp-content\/uploads\/2021\/12\/lndskt-workshop-web.jpg\",\"contentUrl\":\"https:\/\/lndskt.de\/wp-content\/uploads\/2021\/12\/lndskt-workshop-web.jpg\",\"width\":1080,\"height\":1350},{\"@type\":\"BreadcrumbList\",\"@id\":\"https:\/\/lndskt.de\/en\/info-workshop\/#breadcrumb\",\"itemListElement\":[{\"@type\":\"ListItem\",\"position\":1,\"name\":\"Startseite\",\"item\":\"https:\/\/lndskt.de\/en\/\"},{\"@type\":\"ListItem\",\"position\":2,\"name\":\"Info-Workshop\"}]},{\"@type\":\"WebSite\",\"@id\":\"https:\/\/lndskt.de\/#website\",\"url\":\"https:\/\/lndskt.de\/\",\"name\":\"lndskt.de\",\"description\":\"Planungsb\u00fcro f\u00fcr Skateparks\",\"publisher\":{\"@id\":\"https:\/\/lndskt.de\/#organization\"},\"potentialAction\":[{\"@type\":\"SearchAction\",\"target\":{\"@type\":\"EntryPoint\",\"urlTemplate\":\"https:\/\/lndskt.de\/?s={search_term_string}\"},\"query-input\":{\"@type\":\"PropertyValueSpecification\",\"valueRequired\":true,\"valueName\":\"search_term_string\"}}],\"inLanguage\":\"en-US\"},{\"@type\":\"Organization\",\"@id\":\"https:\/\/lndskt.de\/#organization\",\"name\":\"LNDSKT\",\"url\":\"https:\/\/lndskt.de\/\",\"logo\":{\"@type\":\"ImageObject\",\"inLanguage\":\"en-US\",\"@id\":\"https:\/\/lndskt.de\/#\/schema\/logo\/image\/\",\"url\":\"https:\/\/lndskt.de\/wp-content\/uploads\/2017\/02\/lndskt-logo-dark.png\",\"contentUrl\":\"https:\/\/lndskt.de\/wp-content\/uploads\/2017\/02\/lndskt-logo-dark.png\",\"width\":1014,\"height\":666,\"caption\":\"LNDSKT\"},\"image\":{\"@id\":\"https:\/\/lndskt.de\/#\/schema\/logo\/image\/\"},\"sameAs\":[\"https:\/\/www.facebook.com\/lndskt\",\"https:\/\/instagram.com\/lndskt_\",\"https:\/\/www.linkedin.com\/company\/lndskt?trk=top_nav_home\"]}]}<\/script>\n<!-- \/ Yoast SEO plugin. -->","yoast_head_json":{"title":"Info-Workshop for cities and municipalities \/\/ LNDSKT","description":"Learn everything you need to know about planning and building skate and urban sports parks in 120 minutes. Online or as an in-person event.","robots":{"index":"index","follow":"follow","max-snippet":"max-snippet:-1","max-image-preview":"max-image-preview:large","max-video-preview":"max-video-preview:-1"},"canonical":"https:\/\/lndskt.de\/en\/info-workshop\/","og_locale":"en_US","og_type":"article","og_title":"LNDSKT | Planungsb\u00fcro f\u00fcr Skateparks","og_description":"Das Planungsb\u00fcro f\u00fcr zeitgem\u00e4\u00dfe Skateparks, gegr\u00fcndet und gef\u00fchrt von Skateboardern f\u00fcr Skateboarder.","og_url":"https:\/\/lndskt.de\/en\/info-workshop\/","og_site_name":"lndskt.de","article_publisher":"https:\/\/www.facebook.com\/lndskt","article_modified_time":"2026-02-02T10:52:17+00:00","og_image":[{"url":"https:\/\/lndskt.de\/wp-content\/uploads\/2017\/01\/ls_fb_share.001.jpeg","type":"","width":"","height":""}],"twitter_card":"summary_large_image","twitter_misc":{"Est. reading time":"3 minutes"},"schema":{"@context":"https:\/\/schema.org","@graph":[{"@type":"WebPage","@id":"https:\/\/lndskt.de\/en\/info-workshop\/","url":"https:\/\/lndskt.de\/en\/info-workshop\/","name":"Info-Workshop for cities and municipalities \/\/ LNDSKT","isPartOf":{"@id":"https:\/\/lndskt.de\/#website"},"primaryImageOfPage":{"@id":"https:\/\/lndskt.de\/en\/info-workshop\/#primaryimage"},"image":{"@id":"https:\/\/lndskt.de\/en\/info-workshop\/#primaryimage"},"thumbnailUrl":"https:\/\/lndskt.de\/wp-content\/uploads\/2021\/12\/lndskt-workshop-web.jpg","datePublished":"2021-09-23T10:56:36+00:00","dateModified":"2026-02-02T10:52:17+00:00","description":"Learn everything you need to know about planning and building skate and urban sports parks in 120 minutes. Online or as an in-person event.","breadcrumb":{"@id":"https:\/\/lndskt.de\/en\/info-workshop\/#breadcrumb"},"inLanguage":"en-US","potentialAction":[{"@type":"ReadAction","target":["https:\/\/lndskt.de\/en\/info-workshop\/"]}]},{"@type":"ImageObject","inLanguage":"en-US","@id":"https:\/\/lndskt.de\/en\/info-workshop\/#primaryimage","url":"https:\/\/lndskt.de\/wp-content\/uploads\/2021\/12\/lndskt-workshop-web.jpg","contentUrl":"https:\/\/lndskt.de\/wp-content\/uploads\/2021\/12\/lndskt-workshop-web.jpg","width":1080,"height":1350},{"@type":"BreadcrumbList","@id":"https:\/\/lndskt.de\/en\/info-workshop\/#breadcrumb","itemListElement":[{"@type":"ListItem","position":1,"name":"Startseite","item":"https:\/\/lndskt.de\/en\/"},{"@type":"ListItem","position":2,"name":"Info-Workshop"}]},{"@type":"WebSite","@id":"https:\/\/lndskt.de\/#website","url":"https:\/\/lndskt.de\/","name":"lndskt.de","description":"Planungsb\u00fcro f\u00fcr Skateparks","publisher":{"@id":"https:\/\/lndskt.de\/#organization"},"potentialAction":[{"@type":"SearchAction","target":{"@type":"EntryPoint","urlTemplate":"https:\/\/lndskt.de\/?s={search_term_string}"},"query-input":{"@type":"PropertyValueSpecification","valueRequired":true,"valueName":"search_term_string"}}],"inLanguage":"en-US"},{"@type":"Organization","@id":"https:\/\/lndskt.de\/#organization","name":"LNDSKT","url":"https:\/\/lndskt.de\/","logo":{"@type":"ImageObject","inLanguage":"en-US","@id":"https:\/\/lndskt.de\/#\/schema\/logo\/image\/","url":"https:\/\/lndskt.de\/wp-content\/uploads\/2017\/02\/lndskt-logo-dark.png","contentUrl":"https:\/\/lndskt.de\/wp-content\/uploads\/2017\/02\/lndskt-logo-dark.png","width":1014,"height":666,"caption":"LNDSKT"},"image":{"@id":"https:\/\/lndskt.de\/#\/schema\/logo\/image\/"},"sameAs":["https:\/\/www.facebook.com\/lndskt","https:\/\/instagram.com\/lndskt_","https:\/\/www.linkedin.com\/company\/lndskt?trk=top_nav_home"]}]}},"_links":{"self":[{"href":"https:\/\/lndskt.de\/en\/wp-json\/wp\/v2\/pages\/4183","targetHints":{"allow":["GET"]}}],"collection":[{"href":"https:\/\/lndskt.de\/en\/wp-json\/wp\/v2\/pages"}],"about":[{"href":"https:\/\/lndskt.de\/en\/wp-json\/wp\/v2\/types\/page"}],"author":[{"embeddable":true,"href":"https:\/\/lndskt.de\/en\/wp-json\/wp\/v2\/users\/1"}],"replies":[{"embeddable":true,"href":"https:\/\/lndskt.de\/en\/wp-json\/wp\/v2\/comments?post=4183"}],"version-history":[{"count":26,"href":"https:\/\/lndskt.de\/en\/wp-json\/wp\/v2\/pages\/4183\/revisions"}],"predecessor-version":[{"id":8156,"href":"https:\/\/lndskt.de\/en\/wp-json\/wp\/v2\/pages\/4183\/revisions\/8156"}],"wp:featuredmedia":[{"embeddable":true,"href":"https:\/\/lndskt.de\/en\/wp-json\/wp\/v2\/media\/4155"}],"wp:attachment":[{"href":"https:\/\/lndskt.de\/en\/wp-json\/wp\/v2\/media?parent=4183"}],"curies":[{"name":"wp","href":"https:\/\/api.w.org\/{rel}","templated":true}]}}